{"id":50,"date":"2015-02-24T07:34:58","date_gmt":"2015-02-24T07:34:58","guid":{"rendered":"http:\/\/taxametry.halenb.cz\/?page_id=50"},"modified":"2015-02-26T07:07:58","modified_gmt":"2015-02-26T07:07:58","slug":"hale-cey","status":"publish","type":"page","link":"https:\/\/taxametry.halenb.cz\/?page_id=50","title":{"rendered":"HALE Cey"},"content":{"rendered":"<p>Na \u0159idi\u010de-CEY m\u016f\u017eete p\u0159en\u00e1\u0161et Taxameter- \/ disku pro ukl\u00e1d\u00e1n\u00ed dat rychle a bezpe\u010dn\u011b, a vyhodnotit digit\u00e1ln\u00ed. Bez velk\u00fdch n\u00e1klad\u016f nebo n\u00e1kladn\u00fdch investic do hardwaru nebo softwaru.<\/p>\n<ul>\n<li><strong>V\u0161e pod kontrolou<\/strong> d\u00edky \u0159idi\u010de a pracovn\u00ed funkce \u00fa\u010detnictv\u00ed \u010dase: v\u00fdkazy p\u0159\u00edjm\u016f a v\u00fddaj\u016f, aktivn\u00ed a pasivn\u00ed p\u0159est\u00e1vky a dal\u0161\u00ed (nap\u0159 stvrzenky pohonn\u00fdch hmot.).<\/li>\n<\/ul>\n<ul>\n<li><strong>Organizovat lep\u0161\u00ed<\/strong> prost\u0159edky sm\u011bny, k\u0159i\u017eov\u00e1n\u00ed a pracovat zpr\u00e1vy vozidel, \u0159idi\u010d\u016f, ceny, pr\u00e1zdn\u00e9 a ru\u0161n\u00fdch j\u00edzd, \u0161pi\u010dkov\u00fdch jezdc\u016f a p\u0159ehledn\u00e9 statistiky pro testov\u00e1n\u00ed svou ziskovost<\/li>\n<\/ul>\n<ul>\n<li>Zaznamen\u00e1no <strong>editaci<\/strong> r\u00e1d zm\u011bnu, dal\u0161\u00ed rezervace, zru\u0161en\u00ed cesty, \u0159idi\u010de nebo vrstvy oprav<\/li>\n<\/ul>\n<ul>\n<li><strong>Master Data Management<\/strong> pro \u0159idi\u010de a vozidla pro snadnou spr\u00e1vu ud\u00e1lost\u00ed, os. \u00fa\u010dty \u0159idi\u010de a \u0159\u00eddit typy, jako jsou z\u00e1jezdy, kur\u00fdrn\u00ed slu\u017eby, nebo \u00fav\u011bru a zru\u0161en\u00ed j\u00edzdy<\/li>\n<\/ul>\n<p>Cey online &#8211; kompaktn\u00ed a efektivn\u00ed \u0159e\u0161en\u00ed pro va\u0161i jednoho nebo n\u011bkolika voz\u016f provoz.<\/p>\n","protected":false},"excerpt":{"rendered":"<p>Na \u0159idi\u010de-CEY m\u016f\u017eete p\u0159en\u00e1\u0161et Taxameter- \/ disku pro ukl\u00e1d\u00e1n\u00ed dat rychle a bezpe\u010dn\u011b, a vyhodnotit digit\u00e1ln\u00ed. Bez velk\u00fdch n\u00e1klad\u016f nebo n\u00e1kladn\u00fdch investic do hardwaru nebo softwaru. V\u0161e pod kontrolou d\u00edky \u0159idi\u010de a pracovn\u00ed funkce \u00fa\u010detnictv\u00ed \u010dase: v\u00fdkazy p\u0159\u00edjm\u016f a v\u00fddaj\u016f, aktivn\u00ed a pasivn\u00ed p\u0159est\u00e1vky a dal\u0161\u00ed (nap\u0159 stvrzenky pohonn\u00fdch hmot.). Organizovat lep\u0161\u00ed prost\u0159edky sm\u011bny, k\u0159i\u017eov\u00e1n\u00ed [&hellip;]<\/p>\n","protected":false},"author":4,"featured_media":0,"parent":0,"menu_order":0,"comment_status":"closed","ping_status":"closed","template":"templates\/template-full-notitle.php","meta":[],"_links":{"self":[{"href":"https:\/\/taxametry.halenb.cz\/index.php?rest_route=\/wp\/v2\/pages\/50"}],"collection":[{"href":"https:\/\/taxametry.halenb.cz\/index.php?rest_route=\/wp\/v2\/pages"}],"about":[{"href":"https:\/\/taxametry.halenb.cz\/index.php?rest_route=\/wp\/v2\/types\/page"}],"author":[{"embeddable":true,"href":"https:\/\/taxametry.halenb.cz\/index.php?rest_route=\/wp\/v2\/users\/4"}],"replies":[{"embeddable":true,"href":"https:\/\/taxametry.halenb.cz\/index.php?rest_route=%2Fwp%2Fv2%2Fcomments&post=50"}],"version-history":[{"count":1,"href":"https:\/\/taxametry.halenb.cz\/index.php?rest_route=\/wp\/v2\/pages\/50\/revisions"}],"predecessor-version":[{"id":51,"href":"https:\/\/taxametry.halenb.cz\/index.php?rest_route=\/wp\/v2\/pages\/50\/revisions\/51"}],"wp:attachment":[{"href":"https:\/\/taxametry.halenb.cz\/index.php?rest_route=%2Fwp%2Fv2%2Fmedia&parent=50"}],"curies":[{"name":"wp","href":"https:\/\/api.w.org\/{rel}","templated":true}]}}