{"id":96,"date":"2015-02-26T19:01:55","date_gmt":"2015-02-26T19:01:55","guid":{"rendered":"http:\/\/taxametry.halenb.cz\/?page_id=96"},"modified":"2015-10-02T09:27:10","modified_gmt":"2015-10-02T09:27:10","slug":"bluetoot-tpd-01-bt","status":"publish","type":"page","link":"https:\/\/taxametry.halenb.cz\/?page_id=96","title":{"rendered":"Bluetoot TPD-01-BT"},"content":{"rendered":"<div id=\"pl-96\"  class=\"panel-layout\" ><div id=\"pg-96-0\"  class=\"panel-grid panel-no-style\" ><div id=\"pgc-96-0-0\"  class=\"panel-grid-cell\" ><div id=\"panel-96-0-0-0\" class=\"so-panel widget widget_black-studio-tinymce widget_black_studio_tinymce panel-first-child panel-last-child\" data-index=\"0\" ><div class=\"textwidget\"><p><a href=\"http:\/\/taxametry.halenb.cz\/wp-content\/uploads\/2015\/02\/csm_header-TPD-01_28b564cfff.adaptive.jpg\"><img class=\"alignnone size-medium wp-image-127\" src=\"http:\/\/taxametry.halenb.cz\/wp-content\/uploads\/2015\/02\/csm_header-TPD-01_28b564cfff.adaptive-300x150.jpg\" alt=\"csm_header-TPD-01_28b564cfff.adaptive\" width=\"300\" height=\"150\" \/><\/a><\/p>\n<p>\u00a0<\/p>\n<p>\u00a0<\/p>\n<\/div><\/div><\/div><div id=\"pgc-96-0-1\"  class=\"panel-grid-cell\" ><div id=\"panel-96-0-1-0\" class=\"so-panel widget widget_black-studio-tinymce widget_black_studio_tinymce panel-first-child panel-last-child\" data-index=\"1\" ><div class=\"textwidget\"><p><strong><span style=\"font-family: tahoma, arial, helvetica, sans-serif; font-size: 14pt; color: #0000ff;\">Technick\u00e9 \u00fadaje TPD-01-BT z\u016fst\u00e1vaj\u00ed stejn\u00e9 jako v TPD-01.<\/span><\/strong><\/p>\n<div><span style=\"font-family: tahoma, arial, helvetica, sans-serif; font-size: 12pt;\">Krom\u011b dostupn\u00fdch Android knihovnou a demo program v\u00e1m umo\u017en\u00ed vytvo\u0159it si vlastn\u00ed mobiln\u00ed obchodn\u00ed \u0159e\u0161en\u00ed. Vytiskn\u011bte si j\u00edzdn\u00ed \u00fadaje a dal\u0161\u00ed informace z telefonu nebo tabletu.<\/span><\/div>\n<div><span style=\"font-family: tahoma, arial, helvetica, sans-serif; font-size: 12pt;\">Vlastnosti:<\/span><\/div>\n<div>\n<ul>\n<li><span style=\"font-family: tahoma, arial, helvetica, sans-serif; font-size: 12pt;\">Rychl\u00e9, grafika, kter\u00fd je schopen term\u00e1ln\u00ed tisk\u00e1rna<\/span><\/li>\n<li><span style=\"font-family: tahoma, arial, helvetica, sans-serif; font-size: 12pt;\">ryt\u00e9 p\u0159esn\u00e1 fr\u00e1ze (300dpi)<\/span><\/li>\n<li><span style=\"font-family: tahoma, arial, helvetica, sans-serif; font-size: 12pt;\">n\u00edzk\u00e1 spot\u0159eba energie (auto sp\u00e1nku a probuzen\u00ed)<\/span><\/li>\n<li><span style=\"font-family: tahoma, arial, helvetica, sans-serif; font-size: 12pt;\">kompatibiln\u00ed se s\u00edt\u00ed (HALE CAN Bus)<\/span><\/li>\n<li><span style=\"font-family: tahoma, arial, helvetica, sans-serif; font-size: 12pt;\">P\u0159ihl\u00e1sit tisk\u00e1rny pro bezdr\u00e1tov\u00fd p\u0159enos dat<\/span><\/li>\n<li><span style=\"font-family: tahoma, arial, helvetica, sans-serif; font-size: 12pt;\">Rozhran\u00ed Bluetooth BTA FDS<\/span><\/li>\n<\/ul>\n<\/div>\n<div><span style=\"font-family: tahoma, arial, helvetica, sans-serif; font-size: 12pt;\">TPD-01-BT je tak\u00e9 k dispozici s \u010dte\u010dkou magnetick\u00fdch karet.<\/span><\/div>\n<div id=\"c1403\" class=\"csc-default\">\n<div class=\"csc-textpic-clear\">\u00a0<\/div>\n<\/div>\n<div class=\"csc-subheader csc-subheader-1\"><span style=\"font-size: 14pt; color: #0000ff;\"><strong><span style=\"font-family: tahoma, arial, helvetica, sans-serif;\">Technologie HALE<\/span><\/strong><\/span><\/div>\n<div><span style=\"font-family: tahoma, arial, helvetica, sans-serif; font-size: 12pt;\">N\u00edzk\u00e1 spot\u0159eba energie je v souladu s budouc\u00edm automobilov\u00fdch standard\u016f dnes.HALE TPD-01 spot\u0159ebov\u00e1v\u00e1 jen energii, kdy\u017e jste vlastn\u011b vyti\u0161t\u011bny (automatick\u00e9 probuzen\u00ed na v\u0161ech rozhran\u00edch), a je jinak v span\u00ed, pracovn\u00ed podm\u00ednky (re\u017eim sp\u00e1nku).<\/span><\/div>\n<div>\u00a0<\/div>\n<div class=\"csc-subheader csc-subheader-1\"><strong><span style=\"font-family: tahoma, arial, helvetica, sans-serif; font-size: 14pt; color: #0000ff;\">Optim\u00e1ln\u00ed pou\u017eitelnost a transparentnost<\/span><\/strong><\/div>\n<div><span style=\"font-family: tahoma, arial, helvetica, sans-serif; font-size: 12pt;\">3-color LED indikuje aktu\u00e1ln\u00ed stav tisk\u00e1rny:<\/span><\/div>\n<div>\n<ul>\n<li><span style=\"font-family: tahoma, arial, helvetica, sans-serif; font-size: 12pt;\">green - p\u0159ipraveno k tisku<\/span><\/li>\n<li><span style=\"font-family: tahoma, arial, helvetica, sans-serif; font-size: 12pt;\">\u010derven\u00e1 - konec pap\u00edru<\/span><\/li>\n<li><span style=\"font-family: tahoma, arial, helvetica, sans-serif; font-size: 12pt;\">P\u0159enos dat - oran\u017eov\u00e1<\/span><\/li>\n<li><span style=\"font-family: tahoma, arial, helvetica, sans-serif; font-size: 12pt;\">tmav\u00e1 - auto re\u017eim sp\u00e1nku<\/span><\/li>\n<\/ul>\n<\/div>\n<div><span style=\"font-family: tahoma, arial, helvetica, sans-serif; font-size: 12pt;\">Ka\u017ed\u00fd z nich m\u00e1 samostatn\u00e9 tla\u010d\u00edtko pro krmiva a odchodu do d\u016fchodu grantov\u00e9 pohodln\u00e9 ovl\u00e1d\u00e1n\u00ed pap\u00edru.<\/span><\/div>\n<div><span style=\"font-family: tahoma, arial, helvetica, sans-serif; font-size: 12pt;\">Detekce nap\u00e1jen\u00ed Paper viditelnou role pap\u00edru; M\u016f\u017eete snadno p\u0159ep\u00ednat derselbigen p\u0159es otev\u0159en\u00e9 n\u00e1doby a pap\u00edru do vstupn\u00edho z\u00e1sobn\u00edku shora.<\/span><\/div>\n<div>\u00a0<\/div>\n<div class=\"csc-subheader csc-subheader-1\"><span style=\"font-size: 14pt;\"><strong><span style=\"font-family: tahoma, arial, helvetica, sans-serif; color: #0000ff;\">Bezdr\u00e1tov\u00e1 tisk\u00e1rna Taxameter- a dat<\/span><\/strong><\/span><\/div>\n<div>\n<ul>\n<li><span style=\"font-family: tahoma, arial, helvetica, sans-serif; font-size: 12pt;\">Taxi p\u0159\u00edjmy<\/span><\/li>\n<li><span style=\"font-family: tahoma, arial, helvetica, sans-serif; font-size: 12pt;\">\u00da\u010dty vrstvy<\/span><\/li>\n<li><span style=\"font-family: tahoma, arial, helvetica, sans-serif; font-size: 12pt;\">Pohon dump<\/span><\/li>\n<li><span style=\"font-family: tahoma, arial, helvetica, sans-serif; font-size: 12pt;\">Vyu\u017eit\u00ed metriky<\/span><\/li>\n<li><span style=\"font-family: tahoma, arial, helvetica, sans-serif; font-size: 12pt;\">P\u0159ihl\u00e1sit tisk\u00e1rnu pro rozhlasov\u00e9 datov\u00e9 termin\u00e1ly<\/span><\/li>\n<li><span style=\"font-family: tahoma, arial, helvetica, sans-serif; font-size: 12pt;\">Termin\u00e1ly kreditn\u00ed karty bez d\u016fkaz\u016f o va\u0161\u00ed vlastn\u00ed tisk\u00e1rn\u011b<\/span><\/li>\n<\/ul>\n<\/div>\n<div><span style=\"font-family: tahoma, arial, helvetica, sans-serif; font-size: 12pt;\">Taxi podnikatel rozhoduje v k\u00f3du chr\u00e1n\u011bn\u00e9 podnikatel zp\u016fsobem v Hale-taxametru, kter\u00fd Sou\u010dtom\u011bry jsou vyti\u0161t\u011bn\u00e9 v \u00fa\u010detnictv\u00ed sm\u011bny a zda cesta pam\u011b\u0165 a celkov\u00e9 \u010d\u00edta\u010de by m\u011bly b\u00fdt zahrnuty.<\/span><\/div>\n<\/div><\/div><\/div><\/div><\/div>","protected":false},"excerpt":{"rendered":"<p>\u00a0 \u00a0 Technick\u00e9 \u00fadaje TPD-01-BT z\u016fst\u00e1vaj\u00ed stejn\u00e9 jako v TPD-01. Krom\u011b dostupn\u00fdch Android knihovnou a demo program v\u00e1m umo\u017en\u00ed vytvo\u0159it si vlastn\u00ed mobiln\u00ed obchodn\u00ed \u0159e\u0161en\u00ed. Vytiskn\u011bte si j\u00edzdn\u00ed \u00fadaje a dal\u0161\u00ed informace z telefonu nebo tabletu. Vlastnosti: Rychl\u00e9, grafika, kter\u00fd je schopen term\u00e1ln\u00ed tisk\u00e1rna ryt\u00e9 p\u0159esn\u00e1 fr\u00e1ze (300dpi) n\u00edzk\u00e1 spot\u0159eba energie (auto sp\u00e1nku a probuzen\u00ed) [&hellip;]<\/p>\n","protected":false},"author":4,"featured_media":0,"parent":94,"menu_order":0,"comment_status":"closed","ping_status":"closed","template":"templates\/template-full-notitle.php","meta":[],"_links":{"self":[{"href":"https:\/\/taxametry.halenb.cz\/index.php?rest_route=\/wp\/v2\/pages\/96"}],"collection":[{"href":"https:\/\/taxametry.halenb.cz\/index.php?rest_route=\/wp\/v2\/pages"}],"about":[{"href":"https:\/\/taxametry.halenb.cz\/index.php?rest_route=\/wp\/v2\/types\/page"}],"author":[{"embeddable":true,"href":"https:\/\/taxametry.halenb.cz\/index.php?rest_route=\/wp\/v2\/users\/4"}],"replies":[{"embeddable":true,"href":"https:\/\/taxametry.halenb.cz\/index.php?rest_route=%2Fwp%2Fv2%2Fcomments&post=96"}],"version-history":[{"count":11,"href":"https:\/\/taxametry.halenb.cz\/index.php?rest_route=\/wp\/v2\/pages\/96\/revisions"}],"predecessor-version":[{"id":148,"href":"https:\/\/taxametry.halenb.cz\/index.php?rest_route=\/wp\/v2\/pages\/96\/revisions\/148"}],"up":[{"embeddable":true,"href":"https:\/\/taxametry.halenb.cz\/index.php?rest_route=\/wp\/v2\/pages\/94"}],"wp:attachment":[{"href":"https:\/\/taxametry.halenb.cz\/index.php?rest_route=%2Fwp%2Fv2%2Fmedia&parent=96"}],"curies":[{"name":"wp","href":"https:\/\/api.w.org\/{rel}","templated":true}]}}