{"id":98,"date":"2015-02-26T19:02:36","date_gmt":"2015-02-26T19:02:36","guid":{"rendered":"http:\/\/taxametry.halenb.cz\/?page_id=98"},"modified":"2015-10-02T09:34:45","modified_gmt":"2015-10-02T09:34:45","slug":"thermopapier-tpd-01","status":"publish","type":"page","link":"https:\/\/taxametry.halenb.cz\/?page_id=98","title":{"rendered":"Thermopapier TPD-01"},"content":{"rendered":"<div id=\"pl-98\"  class=\"panel-layout\" ><div id=\"pg-98-0\"  class=\"panel-grid panel-no-style\" ><div id=\"pgc-98-0-0\"  class=\"panel-grid-cell\" ><div id=\"panel-98-0-0-0\" class=\"so-panel widget widget_black-studio-tinymce widget_black_studio_tinymce panel-first-child panel-last-child\" data-index=\"0\" ><div class=\"textwidget\"><p><a href=\"http:\/\/taxametry.halenb.cz\/wp-content\/uploads\/2015\/02\/csm_header-TPD-01_28b564cfff.adaptive.jpg\"><img class=\"alignnone size-medium wp-image-127\" src=\"http:\/\/taxametry.halenb.cz\/wp-content\/uploads\/2015\/02\/csm_header-TPD-01_28b564cfff.adaptive-300x150.jpg\" alt=\"csm_header-TPD-01_28b564cfff.adaptive\" width=\"300\" height=\"150\" \/><\/a><\/p>\n<p>\u00a0<\/p>\n<p>\u00a0<\/p>\n<\/div><\/div><\/div><div id=\"pgc-98-0-1\"  class=\"panel-grid-cell\" ><div id=\"panel-98-0-1-0\" class=\"so-panel widget widget_black-studio-tinymce widget_black_studio_tinymce panel-first-child panel-last-child\" data-index=\"1\" ><div class=\"textwidget\"><div id=\"c69\" class=\"csc-default\">\u00a0<\/div>\n<div class=\"csc-subheader csc-subheader-1\"><span style=\"color: #0000ff; font-size: 14pt;\"><strong><span style=\"font-family: tahoma, arial, helvetica, sans-serif;\">Kvalita p\u0159\u00edjmu<\/span><\/strong><\/span><\/div>\n<div><span style=\"font-family: tahoma, arial, helvetica, sans-serif; font-size: 12pt;\">S vysok\u00fdm rozli\u0161en\u00edm, grafick\u00fdm term\u00e1ln\u00ed pap\u00edr tisk\u00e1rna tiskne r\u016fzn\u00e9 \u0161\u00ed\u0159ky p\u00edsma a v\u00fd\u0161ky, kurz\u00edva a bitmapy. Va\u0161e firemn\u00ed s\u00eddlo nebo logo m\u016f\u017ee b\u00fdt vyti\u0161t\u011bn na ka\u017ed\u00e9m p\u0159\u00edjmu ve v\u00fd\u0161i a\u017e 20 z\u00e1pat\u00ed. Rychl\u00e9 a p\u0159esn\u00e9 b\u0159itva v\u00fdraz (28 znak\u016f na \u0159\u00e1dek - 300dpi) a perfektn\u00ed grafiku ve stupn\u00edch \u0161edi efekt d\u00e1t sv\u00e9 p\u0159\u00edjmy s atraktivn\u00edm vzhledem.<\/span><\/div>\n<div><span style=\"font-family: tahoma, arial, helvetica, sans-serif; font-size: 12pt;\">Speci\u00e1ln\u00ed kontroln\u00ed tiskov\u00e1 hlava zaji\u0161\u0165uje dokonal\u00e9 v\u00fdsledky - rozli\u0161en\u00ed, teplota a rychlost tisku jsou p\u0159esn\u011b slad\u011bny s p\u016fvodn\u00ed term\u00e1ln\u00ed pap\u00edr HALE. Tento pap\u00edr m\u00e1 nejen v \u0161irok\u00e9m rozsahu teplot dal\u0161\u00ed vrstvu udr\u017eet vlivy na \u017eivotn\u00ed prost\u0159ed\u00ed (FAT, slunce, atd.) Bylo v po\u0159\u00e1dku.<\/span><\/div>\n<div class=\"csc-subheader csc-subheader-1\"><span style=\"font-size: 14pt;\"><strong><span style=\"font-family: tahoma, arial, helvetica, sans-serif; color: #0000ff;\">Technologie HALE<\/span><\/strong><\/span><\/div>\n<div><span style=\"font-family: tahoma, arial, helvetica, sans-serif; font-size: 12pt;\">N\u00edzk\u00e1 spot\u0159eba energie je v souladu s budouc\u00edm automobilov\u00fdch standard\u016f dnes.HALE TPD-01 spot\u0159ebov\u00e1v\u00e1 jen energii, kdy\u017e jste vlastn\u011b vyti\u0161t\u011bny (automatick\u00e9 probuzen\u00ed na v\u0161ech rozhran\u00edch), a je jinak v span\u00ed, pracovn\u00ed podm\u00ednky (re\u017eim sp\u00e1nku).<\/span><\/div>\n<div class=\"csc-subheader csc-subheader-1\"><span style=\"color: #0000ff; font-size: 14pt;\"><strong><span style=\"font-family: tahoma, arial, helvetica, sans-serif;\">Optim\u00e1ln\u00ed pou\u017eitelnost a transparentnost<\/span><\/strong><\/span><\/div>\n<div><span style=\"font-family: tahoma, arial, helvetica, sans-serif; font-size: 12pt;\">3-color LED indikuje aktu\u00e1ln\u00ed stav tisk\u00e1rny:<\/span><\/div>\n<div>\n<ul>\n<li><span style=\"font-family: tahoma, arial, helvetica, sans-serif; font-size: 12pt;\">green - p\u0159ipraveno k tisku<\/span><\/li>\n<li><span style=\"font-family: tahoma, arial, helvetica, sans-serif; font-size: 12pt;\">\u010derven\u00e1 - konec pap\u00edru<\/span><\/li>\n<li><span style=\"font-family: tahoma, arial, helvetica, sans-serif; font-size: 12pt;\">P\u0159enos dat - oran\u017eov\u00e1<\/span><\/li>\n<li><span style=\"font-family: tahoma, arial, helvetica, sans-serif; font-size: 12pt;\">tmav\u00e1 - auto re\u017eim sp\u00e1nku<\/span><\/li>\n<\/ul>\n<\/div>\n<div><span style=\"font-family: tahoma, arial, helvetica, sans-serif; font-size: 12pt;\">Ka\u017ed\u00fd z nich m\u00e1 samostatn\u00e9 tla\u010d\u00edtko pro krmiva a odchodu do d\u016fchodu grantov\u00e9 pohodln\u00e9 ovl\u00e1d\u00e1n\u00ed pap\u00edru.<\/span><\/div>\n<div><span style=\"font-family: tahoma, arial, helvetica, sans-serif; font-size: 12pt;\">Detekce nap\u00e1jen\u00ed Paper viditelnou role pap\u00edru; M\u016f\u017eete snadno p\u0159ep\u00ednat derselbigen p\u0159es otev\u0159en\u00e9 n\u00e1doby a pap\u00edru do vstupn\u00edho z\u00e1sobn\u00edku shora.<\/span><\/div>\n<div><span style=\"font-size: 14pt;\"><strong><span style=\"font-family: tahoma, arial, helvetica, sans-serif; color: #0000ff;\">Bezdr\u00e1tov\u00e1 tisk\u00e1rna Taxameteru a dat<\/span><\/strong><\/span><\/div>\n<div>\n<ul>\n<li><span style=\"font-family: tahoma, arial, helvetica, sans-serif; font-size: 12pt;\">Taxi p\u0159\u00edjmy<\/span><\/li>\n<li><span style=\"font-family: tahoma, arial, helvetica, sans-serif; font-size: 12pt;\">\u00da\u010dty vrstvy<\/span><\/li>\n<li><span style=\"font-family: tahoma, arial, helvetica, sans-serif; font-size: 12pt;\">Pohon dump<\/span><\/li>\n<li><span style=\"font-family: tahoma, arial, helvetica, sans-serif; font-size: 12pt;\">Vyu\u017eit\u00ed metriky<\/span><\/li>\n<li><span style=\"font-family: tahoma, arial, helvetica, sans-serif; font-size: 12pt;\">P\u0159ihl\u00e1sit tisk\u00e1rnu pro rozhlasov\u00e9 datov\u00e9 termin\u00e1ly<\/span><\/li>\n<li><span style=\"font-family: tahoma, arial, helvetica, sans-serif; font-size: 12pt;\">Termin\u00e1ly kreditn\u00ed karty bez d\u016fkaz\u016f o va\u0161\u00ed vlastn\u00ed tisk\u00e1rn\u011b<\/span><\/li>\n<\/ul>\n<\/div>\n<div><span style=\"font-family: tahoma, arial, helvetica, sans-serif; font-size: 12pt;\">Taxi podnikatel rozhoduje v k\u00f3du chr\u00e1n\u011bn\u00e9 podnikatel zp\u016fsobem v Hale-taxametru, kter\u00fd Sou\u010dtom\u011bry jsou vyti\u0161t\u011bn\u00e9 v \u00fa\u010detnictv\u00ed sm\u011bny a zda cesta pam\u011b\u0165 a celkov\u00e9 \u010d\u00edta\u010de by m\u011bly b\u00fdt zahrnuty<\/span><\/div>\n<\/div><\/div><\/div><\/div><\/div>","protected":false},"excerpt":{"rendered":"<p>\u00a0 \u00a0 \u00a0 Kvalita p\u0159\u00edjmu S vysok\u00fdm rozli\u0161en\u00edm, grafick\u00fdm term\u00e1ln\u00ed pap\u00edr tisk\u00e1rna tiskne r\u016fzn\u00e9 \u0161\u00ed\u0159ky p\u00edsma a v\u00fd\u0161ky, kurz\u00edva a bitmapy. Va\u0161e firemn\u00ed s\u00eddlo nebo logo m\u016f\u017ee b\u00fdt vyti\u0161t\u011bn na ka\u017ed\u00e9m p\u0159\u00edjmu ve v\u00fd\u0161i a\u017e 20 z\u00e1pat\u00ed. Rychl\u00e9 a p\u0159esn\u00e9 b\u0159itva v\u00fdraz (28 znak\u016f na \u0159\u00e1dek &#8211; 300dpi) a perfektn\u00ed grafiku ve stupn\u00edch \u0161edi efekt [&hellip;]<\/p>\n","protected":false},"author":4,"featured_media":0,"parent":94,"menu_order":0,"comment_status":"closed","ping_status":"closed","template":"templates\/template-full-notitle.php","meta":[],"_links":{"self":[{"href":"https:\/\/taxametry.halenb.cz\/index.php?rest_route=\/wp\/v2\/pages\/98"}],"collection":[{"href":"https:\/\/taxametry.halenb.cz\/index.php?rest_route=\/wp\/v2\/pages"}],"about":[{"href":"https:\/\/taxametry.halenb.cz\/index.php?rest_route=\/wp\/v2\/types\/page"}],"author":[{"embeddable":true,"href":"https:\/\/taxametry.halenb.cz\/index.php?rest_route=\/wp\/v2\/users\/4"}],"replies":[{"embeddable":true,"href":"https:\/\/taxametry.halenb.cz\/index.php?rest_route=%2Fwp%2Fv2%2Fcomments&post=98"}],"version-history":[{"count":7,"href":"https:\/\/taxametry.halenb.cz\/index.php?rest_route=\/wp\/v2\/pages\/98\/revisions"}],"predecessor-version":[{"id":149,"href":"https:\/\/taxametry.halenb.cz\/index.php?rest_route=\/wp\/v2\/pages\/98\/revisions\/149"}],"up":[{"embeddable":true,"href":"https:\/\/taxametry.halenb.cz\/index.php?rest_route=\/wp\/v2\/pages\/94"}],"wp:attachment":[{"href":"https:\/\/taxametry.halenb.cz\/index.php?rest_route=%2Fwp%2Fv2%2Fmedia&parent=98"}],"curies":[{"name":"wp","href":"https:\/\/api.w.org\/{rel}","templated":true}]}}